{"id":2506,"date":"2025-05-05T08:44:16","date_gmt":"2025-05-05T08:44:16","guid":{"rendered":"https:\/\/dev.altercapital.es\/?page_id=2506"},"modified":"2025-11-28T15:51:22","modified_gmt":"2025-11-28T15:51:22","slug":"kampaoh","status":"publish","type":"page","link":"https:\/\/www.altercapital.es\/en\/kampaoh\/","title":{"rendered":"Kampaoh"},"content":{"rendered":"<div data-elementor-type=\"wp-page\" data-elementor-id=\"2506\" class=\"elementor elementor-2506\">\n\t\t\t\t<div class=\"elementor-element elementor-element-c190627 e-flex e-con-boxed e-con e-parent\" data-id=\"c190627\" data-element_type=\"container\" data-settings=\"{&quot;background_background&quot;:&quot;classic&quot;}\">\n\t\t\t\t\t<div class=\"e-con-inner\">\n\t\t\t\t<div class=\"elementor-element elementor-element-9112172 elementor-widget elementor-widget-image\" data-id=\"9112172\" data-element_type=\"widget\" data-widget_type=\"image.default\">\n\t\t\t\t<div class=\"elementor-widget-container\">\n\t\t\t\t\t\t\t\t\t\t\t\t\t\t\t<img fetchpriority=\"high\" decoding=\"async\" width=\"640\" height=\"450\" src=\"https:\/\/www.altercapital.es\/wp-content\/uploads\/2025\/04\/IMG_0512.webp\" class=\"attachment-large size-large wp-image-2144\" alt=\"\" srcset=\"https:\/\/www.altercapital.es\/wp-content\/uploads\/2025\/04\/IMG_0512.webp 640w, https:\/\/www.altercapital.es\/wp-content\/uploads\/2025\/04\/IMG_0512-300x211.webp 300w, https:\/\/www.altercapital.es\/wp-content\/uploads\/2025\/04\/IMG_0512-18x12.webp 18w\" sizes=\"(max-width: 640px) 100vw, 640px\" \/>\t\t\t\t\t\t\t\t\t\t\t\t\t\t\t<\/div>\n\t\t\t\t<\/div>\n\t\t\t\t\t<\/div>\n\t\t\t\t<\/div>\n\t\t<div class=\"elementor-element elementor-element-6608c617 e-flex e-con-boxed e-con e-parent\" data-id=\"6608c617\" data-element_type=\"container\" data-settings=\"{&quot;background_background&quot;:&quot;classic&quot;}\">\n\t\t\t\t\t<div class=\"e-con-inner\">\n\t\t\t\t<div class=\"elementor-element elementor-element-1c01512b elementor-widget elementor-widget-heading\" data-id=\"1c01512b\" data-element_type=\"widget\" data-widget_type=\"heading.default\">\n\t\t\t\t<div class=\"elementor-widget-container\">\n\t\t\t\t\t<h2 class=\"elementor-heading-title elementor-size-default\">\"The Andalusian company Kampaoh, an example of public-private collaboration between the Regional Government and the management company Alter Capital Desarrollo\"<\/h2>\t\t\t\t<\/div>\n\t\t\t\t<\/div>\n\t\t\t\t\t<\/div>\n\t\t\t\t<\/div>\n\t\t<div class=\"elementor-element elementor-element-4804e598 e-flex e-con-boxed e-con e-parent\" data-id=\"4804e598\" data-element_type=\"container\" data-settings=\"{&quot;background_background&quot;:&quot;classic&quot;}\">\n\t\t\t\t\t<div class=\"e-con-inner\">\n\t\t\t\t<div class=\"elementor-element elementor-element-64267040 elementor-widget elementor-widget-heading\" data-id=\"64267040\" data-element_type=\"widget\" data-widget_type=\"heading.default\">\n\t\t\t\t<div class=\"elementor-widget-container\">\n\t\t\t\t\t<h2 class=\"elementor-heading-title elementor-size-default\"><br><strong>Private Equity Investment Doubles the Growth of Supported Companies<br><\/strong>\nPrivate capital investment in companies makes their growth \"double\" that of their competitors.<br>.\n<br>This was highlighted during the visit by the Regional Minister of Economy, Finance and European Funds, Carolina Espa\u00f1a, and \u00c1ngel Gonz\u00e1lez, Founding Partner of Alter Capital Desarrollo, to the facilities of Kampaoh \u2014a professional camping operator, fully Andalusian, headquartered in Seville with a manufacturing site in Bollullos de la Mitaci\u00f3n.<br>\n<br>Kampaoh is a success story financed by the Regional Government of Andalusia through one of the three venture capital funds managed between 2021 and 2023, Buna. This instrument allows the regional administration to grant loans to companies in areas where traditional banking does not reach.<br>\n<br>\"One of our goals is to create an ecosystem that attracts investment and companies. We are seeing very powerful business projects, which are generating employment and wealth and which we have been able to help,\" said Carolina Espa\u00f1a, who highlighted the \"importance of public-private collaboration to make Andalusia grow.\"<br>\n<br><strong>Kampaoh Operates in Four Countries and Is a Beneficiary of the Fund Managed by Alter Capital<br><\/strong>\nThis company, which operates with 80 campsites in Spain, but also in France, Portugal and Italy, with a park of 3,350 operational stores, is one of the beneficiaries of the venture capital funds for the expansion of 'Alter Capital Development', the only operational manager with headquarters and equipment in Andalusia, which has invested 15 million euros, together with the Junta de Andaluc\u00eda, in seven small and medium-sized Andalusian companies.<br>\n<br>In the case of Kampaoh, the participative loan amounted to \u20ac2.3 million, of which \u20ac1.5 million came from the Regional Government\u2019s venture capital resources. This financing enabled the company to scale from a core team of 67 employees (during winter 2023) to 603 during the last summer season (July 2023 figures). The company expects to exceed 900 employees in the upcoming campaign.<br>\n<br>\u201cEconomic support is essential to develop and seize the opportunity that both Kampaoh and Andalusia have with a project like ours, which is transforming the tourism industry\u2014particularly the hotel and camping segments,\u201d explained Salvador Lora, CEO and founder of Kampaoh.<br>\n<br><strong>Public and Private Capital Mobilize Greater Investment and Accelerate Growth<\/strong><br>\n<br>\u00c1ngel Gonz\u00e1lez, founding partner of Alter Capital Desarrollo, has recognized that \"investing 15 million euros, five of them private and ten million from the IDEA agency, it has been possible to attract a total of 33 million euros to these companies, multiplying public money\".<br>\n<br>Along the same lines, Gonz\u00e1lez stressed that \u201ccompanies backed or invested in by private equity grow at a rate that doubles that of their competitors.\u201d<br>\n<br><strong>Fuente: https:\/\/vivasevilla.es\/sevilla\/1619601\/defienden-la-inversion-de-capital-privado-para-doblar-el-crecimiento-empresarial\/\n<\/h2>\t\t\t\t<\/div>\n\t\t\t\t<\/div>\n\t\t\t\t\t<\/div>\n\t\t\t\t<\/div>\n\t\t\t\t<\/div>","protected":false},"excerpt":{"rendered":"<p>\u00abLa empresa andaluza Kampaoh, ejemplo de colaboraci\u00f3n p\u00fablica-privada entre la Junta y la gestora Alter Capital Desarrollo\u00bb La inversi\u00f3n de capital privado duplica el crecimiento de las empresas apoyadas La inversi\u00f3n de capital privado en empresas hace que el crecimiento de \u00e9stas \u201cdoble\u201d al de sus competidoras. As\u00ed ha quedado de manifiesto en la visita [&hellip;]<\/p>","protected":false},"author":1,"featured_media":0,"parent":0,"menu_order":0,"comment_status":"closed","ping_status":"closed","template":"","meta":{"site-sidebar-layout":"no-sidebar","site-content-layout":"page-builder","ast-site-content-layout":"full-width-container","site-content-style":"default","site-sidebar-style":"default","ast-global-header-display":"","ast-banner-title-visibility":"","ast-main-header-display":"","ast-hfb-above-header-display":"","ast-hfb-below-header-display":"","ast-hfb-mobile-header-display":"","site-post-title":"disabled","ast-breadcrumbs-content":"","ast-featured-img":"disabled","footer-sml-layout":"","theme-transparent-header-meta":"","adv-header-id-meta":"","stick-header-meta":"","header-above-stick-meta":"","header-main-stick-meta":"","header-below-stick-meta":"","astra-migrate-meta-layouts":"set","ast-page-background-enabled":"default","ast-page-background-meta":{"desktop":{"background-color":"var(--ast-global-color-4)","background-image":"","background-repeat":"repeat","background-position":"center center","background-size":"auto","background-attachment":"scroll","background-type":"","background-media":"","overlay-type":"","overlay-color":"","overlay-opacity":"","overlay-gradient":""},"tablet":{"background-color":"","background-image":"","background-repeat":"repeat","background-position":"center center","background-size":"auto","background-attachment":"scroll","background-type":"","background-media":"","overlay-type":"","overlay-color":"","overlay-opacity":"","overlay-gradient":""},"mobile":{"background-color":"","background-image":"","background-repeat":"repeat","background-position":"center center","background-size":"auto","background-attachment":"scroll","background-type":"","background-media":"","overlay-type":"","overlay-color":"","overlay-opacity":"","overlay-gradient":""}},"ast-content-background-meta":{"desktop":{"background-color":"var(--ast-global-color-5)","background-image":"","background-repeat":"repeat","background-position":"center center","background-size":"auto","background-attachment":"scroll","background-type":"","background-media":"","overlay-type":"","overlay-color":"","overlay-opacity":"","overlay-gradient":""},"tablet":{"background-color":"var(--ast-global-color-5)","background-image":"","background-repeat":"repeat","background-position":"center center","background-size":"auto","background-attachment":"scroll","background-type":"","background-media":"","overlay-type":"","overlay-color":"","overlay-opacity":"","overlay-gradient":""},"mobile":{"background-color":"var(--ast-global-color-5)","background-image":"","background-repeat":"repeat","background-position":"center center","background-size":"auto","background-attachment":"scroll","background-type":"","background-media":"","overlay-type":"","overlay-color":"","overlay-opacity":"","overlay-gradient":""}},"footnotes":""},"class_list":["post-2506","page","type-page","status-publish","hentry"],"_links":{"self":[{"href":"https:\/\/www.altercapital.es\/en\/wp-json\/wp\/v2\/pages\/2506","targetHints":{"allow":["GET"]}}],"collection":[{"href":"https:\/\/www.altercapital.es\/en\/wp-json\/wp\/v2\/pages"}],"about":[{"href":"https:\/\/www.altercapital.es\/en\/wp-json\/wp\/v2\/types\/page"}],"author":[{"embeddable":true,"href":"https:\/\/www.altercapital.es\/en\/wp-json\/wp\/v2\/users\/1"}],"replies":[{"embeddable":true,"href":"https:\/\/www.altercapital.es\/en\/wp-json\/wp\/v2\/comments?post=2506"}],"version-history":[{"count":19,"href":"https:\/\/www.altercapital.es\/en\/wp-json\/wp\/v2\/pages\/2506\/revisions"}],"predecessor-version":[{"id":3490,"href":"https:\/\/www.altercapital.es\/en\/wp-json\/wp\/v2\/pages\/2506\/revisions\/3490"}],"wp:attachment":[{"href":"https:\/\/www.altercapital.es\/en\/wp-json\/wp\/v2\/media?parent=2506"}],"curies":[{"name":"wp","href":"https:\/\/api.w.org\/{rel}","templated":true}]}}