{"id":2535,"date":"2025-05-06T10:16:23","date_gmt":"2025-05-06T10:16:23","guid":{"rendered":"https:\/\/dev.altercapital.es\/?page_id=2535"},"modified":"2025-11-28T12:09:02","modified_gmt":"2025-11-28T12:09:02","slug":"kampaoh-4-millones","status":"publish","type":"page","link":"https:\/\/www.altercapital.es\/en\/kampaoh-4-millones\/","title":{"rendered":"Kampaoh 4 millones"},"content":{"rendered":"<div data-elementor-type=\"wp-page\" data-elementor-id=\"2535\" class=\"elementor elementor-2535\">\n\t\t\t\t<div class=\"elementor-element elementor-element-25c4cbb e-flex e-con-boxed e-con e-parent\" data-id=\"25c4cbb\" data-element_type=\"container\" data-settings=\"{&quot;background_background&quot;:&quot;classic&quot;}\">\n\t\t\t\t\t<div class=\"e-con-inner\">\n\t\t\t\t<div class=\"elementor-element elementor-element-d032879 elementor-widget elementor-widget-image\" data-id=\"d032879\" data-element_type=\"widget\" data-widget_type=\"image.default\">\n\t\t\t\t<div class=\"elementor-widget-container\">\n\t\t\t\t\t\t\t\t\t\t\t\t\t\t\t<img fetchpriority=\"high\" decoding=\"async\" width=\"640\" height=\"450\" src=\"https:\/\/www.altercapital.es\/wp-content\/uploads\/2025\/04\/IMG_0513.webp\" class=\"attachment-large size-large wp-image-2142\" alt=\"\" srcset=\"https:\/\/www.altercapital.es\/wp-content\/uploads\/2025\/04\/IMG_0513.webp 640w, https:\/\/www.altercapital.es\/wp-content\/uploads\/2025\/04\/IMG_0513-300x211.webp 300w, https:\/\/www.altercapital.es\/wp-content\/uploads\/2025\/04\/IMG_0513-18x12.webp 18w\" sizes=\"(max-width: 640px) 100vw, 640px\" \/>\t\t\t\t\t\t\t\t\t\t\t\t\t\t\t<\/div>\n\t\t\t\t<\/div>\n\t\t\t\t\t<\/div>\n\t\t\t\t<\/div>\n\t\t<div class=\"elementor-element elementor-element-71cc0a69 e-flex e-con-boxed e-con e-parent\" data-id=\"71cc0a69\" data-element_type=\"container\" data-settings=\"{&quot;background_background&quot;:&quot;classic&quot;}\">\n\t\t\t\t\t<div class=\"e-con-inner\">\n\t\t\t\t<div class=\"elementor-element elementor-element-2d07076b elementor-widget elementor-widget-heading\" data-id=\"2d07076b\" data-element_type=\"widget\" data-widget_type=\"heading.default\">\n\t\t\t\t<div class=\"elementor-widget-container\">\n\t\t\t\t\t<h2 class=\"elementor-heading-title elementor-size-default\">Kampaoh receives a $4 million round with participation from Alter Capital<\/h2>\t\t\t\t<\/div>\n\t\t\t\t<\/div>\n\t\t\t\t\t<\/div>\n\t\t\t\t<\/div>\n\t\t<div class=\"elementor-element elementor-element-6dd16c07 e-flex e-con-boxed e-con e-parent\" data-id=\"6dd16c07\" data-element_type=\"container\" data-settings=\"{&quot;background_background&quot;:&quot;classic&quot;}\">\n\t\t\t\t\t<div class=\"e-con-inner\">\n\t\t\t\t<div class=\"elementor-element elementor-element-66f91dd3 elementor-widget elementor-widget-heading\" data-id=\"66f91dd3\" data-element_type=\"widget\" data-widget_type=\"heading.default\">\n\t\t\t\t<div class=\"elementor-widget-container\">\n\t\t\t\t\t<h2 class=\"elementor-heading-title elementor-size-default\"><br><strong>\u201cAn Innovative Model: Company-Owned Units and Hotel-Style Experience\u201d<\/strong><br>\nKampaoh, a leading national company in the management of campsites with its own stores, has received around 4 million euros in a new investment round where, in addition to Alter Capital, the funds Axon Partners, JME Ventures and Encomenda have participated.<br>\n<br>Kampaoh facilitates the reservation of campsites through its website, which allows the user the possibility of booking in any of the 21 campsites they currently have. Kampaoh designs, buys, assembles and assembles all its tents that are fully equipped with hotel services. On the other hand, it also offers benefits for the owners of the plots achieving a greater occupation of the plots and a greater marginal profitability of the plot.<br>\n<br>The camping and holiday accommodation platform has received 4 million euros in a new round of investment. The capital comes, in addition to Alter Capital, from the funds Axon Partners, JME Ventures, Encomenda and Alter Capital, and will serve to promote the Andalusian startup's commitment to innovation, production and store design to offer its customers unique accommodations in nature.<br>\n<br><strong>\u201cTeam Expansion and Creation of New Job Positions\u201d<br><\/strong>\nThis strategic change also entails the generation of jobs to meet the need for new professional profiles within the team. A human team that does not stop growing and that seeks to attract talent that strengthens practically all of its departments to achieve its objectives for 2022.<br>\n<br>After a year in which the company reached sales of 3.4 million euros, the objectives for next year are ambitious: to double the turnover, with more than 1,200 stores spread over about 50 campsites throughout Spain.<br>\n\n<br><strong>\u201cThe Camping Sector in Spain: Accelerated Growth and Modernization Potential\u201d<br><\/strong>\nAccording to the recent study \u201cReal Estate Campsite Market Insights\u201d by Deloitte, Spain has 1,190 campsites generating 40 million overnight stays annually, with a year-on-year growth rate of 19%. While these figures are positive, they remain below those of France, the United Kingdom, and Germany \u2014countries with less favorable climates but more professionalized and modernized offerings. This suggests that the growth of campsites in Spain is expected to continue its upward trend.<br>\n<br>Since 2016, Kampaoh has played a key role in the transformation of a sector with an outdated offering, providing innovative accommodation concepts that cater to new generations of customers seeking more sustainable and nature-oriented options.<br>\n<br><strong>Fuente: https:\/\/es.kampaoh.com\/blog\/noticias\/kampaoh-el-referente-del-glamping-en-espana-recibe-una-inversion-de-cerca-de-5-millones-de-euros\/\n<\/h2>\t\t\t\t<\/div>\n\t\t\t\t<\/div>\n\t\t\t\t\t<\/div>\n\t\t\t\t<\/div>\n\t\t\t\t<\/div>","protected":false},"excerpt":{"rendered":"<p>&quot;Kampaoh recibe una ronda de 4 millones en la que participa Alter Capital&quot; Un modelo innovador: tiendas propias y experiencia tipo hotel Kampaoh, compa\u00f1\u00eda l\u00edder nacional en la gesti\u00f3n de campings con tiendas propias, ha recibido en torno a los 4 millones de euros en una nueva ronda de inversi\u00f3n donde adem\u00e1s de Alter Capital, [&hellip;]<\/p>","protected":false},"author":1,"featured_media":0,"parent":0,"menu_order":0,"comment_status":"closed","ping_status":"closed","template":"","meta":{"site-sidebar-layout":"no-sidebar","site-content-layout":"page-builder","ast-site-content-layout":"full-width-container","site-content-style":"default","site-sidebar-style":"default","ast-global-header-display":"","ast-banner-title-visibility":"","ast-main-header-display":"","ast-hfb-above-header-display":"","ast-hfb-below-header-display":"","ast-hfb-mobile-header-display":"","site-post-title":"disabled","ast-breadcrumbs-content":"","ast-featured-img":"disabled","footer-sml-layout":"","theme-transparent-header-meta":"","adv-header-id-meta":"","stick-header-meta":"","header-above-stick-meta":"","header-main-stick-meta":"","header-below-stick-meta":"","astra-migrate-meta-layouts":"set","ast-page-background-enabled":"default","ast-page-background-meta":{"desktop":{"background-color":"var(--ast-global-color-4)","background-image":"","background-repeat":"repeat","background-position":"center center","background-size":"auto","background-attachment":"scroll","background-type":"","background-media":"","overlay-type":"","overlay-color":"","overlay-opacity":"","overlay-gradient":""},"tablet":{"background-color":"","background-image":"","background-repeat":"repeat","background-position":"center center","background-size":"auto","background-attachment":"scroll","background-type":"","background-media":"","overlay-type":"","overlay-color":"","overlay-opacity":"","overlay-gradient":""},"mobile":{"background-color":"","background-image":"","background-repeat":"repeat","background-position":"center center","background-size":"auto","background-attachment":"scroll","background-type":"","background-media":"","overlay-type":"","overlay-color":"","overlay-opacity":"","overlay-gradient":""}},"ast-content-background-meta":{"desktop":{"background-color":"var(--ast-global-color-5)","background-image":"","background-repeat":"repeat","background-position":"center center","background-size":"auto","background-attachment":"scroll","background-type":"","background-media":"","overlay-type":"","overlay-color":"","overlay-opacity":"","overlay-gradient":""},"tablet":{"background-color":"var(--ast-global-color-5)","background-image":"","background-repeat":"repeat","background-position":"center center","background-size":"auto","background-attachment":"scroll","background-type":"","background-media":"","overlay-type":"","overlay-color":"","overlay-opacity":"","overlay-gradient":""},"mobile":{"background-color":"var(--ast-global-color-5)","background-image":"","background-repeat":"repeat","background-position":"center center","background-size":"auto","background-attachment":"scroll","background-type":"","background-media":"","overlay-type":"","overlay-color":"","overlay-opacity":"","overlay-gradient":""}},"footnotes":""},"class_list":["post-2535","page","type-page","status-publish","hentry"],"_links":{"self":[{"href":"https:\/\/www.altercapital.es\/en\/wp-json\/wp\/v2\/pages\/2535","targetHints":{"allow":["GET"]}}],"collection":[{"href":"https:\/\/www.altercapital.es\/en\/wp-json\/wp\/v2\/pages"}],"about":[{"href":"https:\/\/www.altercapital.es\/en\/wp-json\/wp\/v2\/types\/page"}],"author":[{"embeddable":true,"href":"https:\/\/www.altercapital.es\/en\/wp-json\/wp\/v2\/users\/1"}],"replies":[{"embeddable":true,"href":"https:\/\/www.altercapital.es\/en\/wp-json\/wp\/v2\/comments?post=2535"}],"version-history":[{"count":16,"href":"https:\/\/www.altercapital.es\/en\/wp-json\/wp\/v2\/pages\/2535\/revisions"}],"predecessor-version":[{"id":3471,"href":"https:\/\/www.altercapital.es\/en\/wp-json\/wp\/v2\/pages\/2535\/revisions\/3471"}],"wp:attachment":[{"href":"https:\/\/www.altercapital.es\/en\/wp-json\/wp\/v2\/media?parent=2535"}],"curies":[{"name":"wp","href":"https:\/\/api.w.org\/{rel}","templated":true}]}}