{"id":3405,"date":"2025-06-24T09:19:34","date_gmt":"2025-06-24T09:19:34","guid":{"rendered":"https:\/\/www.altercapital.es\/?page_id=3405"},"modified":"2025-11-28T17:19:37","modified_gmt":"2025-11-28T17:19:37","slug":"alter-capital-toma-el-control-de-los-gimnasios-wifit-gyms","status":"publish","type":"page","link":"https:\/\/www.altercapital.es\/en\/alter-capital-toma-el-control-de-los-gimnasios-wifit-gyms\/","title":{"rendered":"Alter Capital toma el control de los gimnasios Wifit Gyms"},"content":{"rendered":"<div data-elementor-type=\"wp-page\" data-elementor-id=\"3405\" class=\"elementor elementor-3405\">\n\t\t\t\t<div class=\"elementor-element elementor-element-27a5da3 e-flex e-con-boxed e-con e-parent\" data-id=\"27a5da3\" data-element_type=\"container\" data-settings=\"{&quot;background_background&quot;:&quot;classic&quot;}\">\n\t\t\t\t\t<div class=\"e-con-inner\">\n\t\t\t\t<div class=\"elementor-element elementor-element-644fc67 elementor-widget elementor-widget-image\" data-id=\"644fc67\" data-element_type=\"widget\" data-widget_type=\"image.default\">\n\t\t\t\t<div class=\"elementor-widget-container\">\n\t\t\t\t\t\t\t\t\t\t\t\t\t\t\t<img fetchpriority=\"high\" decoding=\"async\" width=\"1024\" height=\"559\" src=\"https:\/\/www.altercapital.es\/wp-content\/uploads\/2025\/06\/IMG_2631-1024x559.jpg\" class=\"attachment-large size-large wp-image-3406\" alt=\"\" srcset=\"https:\/\/www.altercapital.es\/wp-content\/uploads\/2025\/06\/IMG_2631-1024x559.jpg 1024w, https:\/\/www.altercapital.es\/wp-content\/uploads\/2025\/06\/IMG_2631-300x164.jpg 300w, https:\/\/www.altercapital.es\/wp-content\/uploads\/2025\/06\/IMG_2631-768x419.jpg 768w, https:\/\/www.altercapital.es\/wp-content\/uploads\/2025\/06\/IMG_2631-18x10.jpg 18w, https:\/\/www.altercapital.es\/wp-content\/uploads\/2025\/06\/IMG_2631.jpg 1200w\" sizes=\"(max-width: 1024px) 100vw, 1024px\" \/>\t\t\t\t\t\t\t\t\t\t\t\t\t\t\t<\/div>\n\t\t\t\t<\/div>\n\t\t\t\t\t<\/div>\n\t\t\t\t<\/div>\n\t\t<div class=\"elementor-element elementor-element-0fe3bd9 e-flex e-con-boxed e-con e-parent\" data-id=\"0fe3bd9\" data-element_type=\"container\" data-settings=\"{&quot;background_background&quot;:&quot;classic&quot;}\">\n\t\t\t\t\t<div class=\"e-con-inner\">\n\t\t\t\t<div class=\"elementor-element elementor-element-13209ee elementor-widget elementor-widget-text-editor\" data-id=\"13209ee\" data-element_type=\"widget\" data-widget_type=\"text-editor.default\">\n\t\t\t\t<div class=\"elementor-widget-container\">\n\t\t\t\t\t\t\t\t\t<h5 data-mrf-recirculation=\"Desktop - Links P\u00e1rrafos \"><a href=\"https:\/\/www.eleconomista.es\/empresas-finanzas\/noticias\/8519762\/07\/17\/El-fundador-de-las-Smartbox-entra-en-Dental-Company.html\" data-mrf-link=\"https:\/\/www.eleconomista.es\/empresas-finanzas\/noticias\/8519762\/07\/17\/El-fundador-de-las-Smartbox-entra-en-Dental-Company.html\"><b>Alter Capital Development<\/b><\/a>, firma de private equity nacional, ha subido su apuesta por <b>Wifit Gyms <\/b>y ha aumentado su participaci\u00f3n accionarial en la compa\u00f1\u00eda hasta tener la mayor\u00eda del capital (55% aproximadamente). La gestora que tiene como a uno de sus inversores a <b>Corporaci\u00f3n Financiera Azuaga<\/b> ha realizado una nueva ampliaci\u00f3n despu\u00e9s de tomar una participaci\u00f3n minoritaria hace justo un a\u00f1o. La decisi\u00f3n se ha tomado tras comprobar la buena evoluci\u00f3n de la compa\u00f1\u00eda, que cuenta ya con 9.000 abonados en su primer a\u00f1o, seg\u00fan explica a este peri\u00f3dico <b>\u00c1ngel Gonz\u00e1lez<\/b>, socio de la gestora.<\/h5><h5 data-mrf-recirculation=\"Desktop - Links P\u00e1rrafos \">La inyecci\u00f3n busca seguir impulsando la ejecuci\u00f3n del plan de aperturas de <b>nuevos gimnasios en la Pen\u00ednsula Ib\u00e9rica<\/b> en un momento de plena ebullici\u00f3n en el sector del fitness, donde distintos fondos de capital riesgo y grandes fortunas (<a href=\"https:\/\/www.eleconomista.es\/capital-riesgo\/noticias\/13062463\/10\/24\/portobello-preve-30-millones-de-beneficio-operativo-en-sus-gimnasios-supera.html\" data-mrf-link=\"https:\/\/www.eleconomista.es\/capital-riesgo\/noticias\/13062463\/10\/24\/portobello-preve-30-millones-de-beneficio-operativo-en-sus-gimnasios-supera.html\"><b>Portobello en Sidecu<\/b><\/a>, <b>Formentor Capital <\/b>en <b>BeOne, Seas Capital en Synergym <\/b>or <b><a href=\"https:\/\/www.eleconomista.es\/capital-riesgo\/noticias\/12979421\/09\/24\/riberas-entra-en-go-fit-y-compra-el-15-de-aecon-investments.html\" data-mrf-link=\"https:\/\/www.eleconomista.es\/capital-riesgo\/noticias\/12979421\/09\/24\/riberas-entra-en-go-fit-y-compra-el-15-de-aecon-investments.html\">Torreal en GoFit<\/a><\/b><b> <\/b>son solo algunos ejemplos) han tomado posiciones para crear gigantes nacionales.<\/h5><h5 data-mrf-recirculation=\"Desktop - Links P\u00e1rrafos \">Wifit Gyms, que tiene como accionistas minoritarios a sus fundadores, <b>Jose Luis Torrecilla<\/b> e <b>\u00cd\u00f1igo Moreno-Luque<\/b>, cuenta ya con cinco centros deportivos, todos ellos en Espa\u00f1a y buena parte de ellos en la ciudad de Madrid. Su pr\u00f3xima apertura, de hecho, <b>se llevar\u00e1 a cabo en el barrio de Chamber\u00ed<\/b>. Para 2026 hay programadas otras cuatro aperturas<\/h5><h5 data-mrf-recirculation=\"Desktop - Links P\u00e1rrafos \">La operaci\u00f3n se produce en plena ebullici\u00f3n inversora de los fondos en el sector del fitness. De hecho, Torrecilla y Moreno-Luque ya vendieron un primer proyecto, <b>IFitness<\/b>, al grupo Altafit, empresa del sector que entonces era <b>del espa\u00f1ol MCH Private Equity<\/b> y actualmente es del <i>megafondo <\/i>estadounidense <a href=\"https:\/\/www.eleconomista.es\/capital-riesgo\/noticias\/13079079\/11\/24\/providence-consolida-el-sector-de-los-gimnasios-en-espana-y-compra-altafit.html\" data-mrf-link=\"https:\/\/www.eleconomista.es\/capital-riesgo\/noticias\/13079079\/11\/24\/providence-consolida-el-sector-de-los-gimnasios-en-espana-y-compra-altafit.html\"><b>Providence, que ha iniciado una etapa de consolidaci\u00f3n en Espa\u00f1a<\/b><\/a>.<\/h5><h5 data-mrf-recirculation=\"Desktop - Subt\u00edtulos\">As\u00ed es Alter Capital<\/h5><h5 data-mrf-recirculation=\"Desktop - Links P\u00e1rrafos \">Con gestora operativa con sede y equipos en Sevilla y Madrid, Alter Capital participa de otras compa\u00f1\u00edas con posiciones minoritarias y mayoritarias.<b> El a\u00f1o pasado tom\u00f3 el capital de otra empresa, Trending Corporate<\/b>, empresa que fabrica y comercializa productos de cosm\u00e9tica y complementos alimenticios.<\/h5><h5 data-mrf-recirculation=\"Desktop - Links P\u00e1rrafos \">Y entre su cartera se encuentran otras participadas como Dental Company, cadena de cl\u00ednicas odontol\u00f3gicas que ahora ha salido a la venta tras haber dado mandato a Arcano; <b>Kampaoh, operador de campings en Espa\u00f1a <\/b>de la que tambi\u00e9n participa JME, brazo inversor de <a href=\"https:\/\/www.eleconomista.es\/infraestructuras-servicios\/noticias\/13166220\/01\/25\/juan-ignacio-y-jose-manuel-entrecanales-rompen-su-pacto-de-control-en-acciona-tras-14-anos.html\" data-mrf-link=\"https:\/\/www.eleconomista.es\/infraestructuras-servicios\/noticias\/13166220\/01\/25\/juan-ignacio-y-jose-manuel-entrecanales-rompen-su-pacto-de-control-en-acciona-tras-14-anos.html\"><b>Jos\u00e9 Manuel Entrecanales<\/b><\/a> para startups; Dawn Energy, operador de activos fotovoltaicos para la industria, o la plataforma universitaria para compartir apuntes Wuolah completan su portfolio de participadas.<\/h5><h5 data-mrf-recirculation=\"Desktop - Links P\u00e1rrafos \">Pese a que <b>las operaciones de Alter Capital se circunscriben originalmente a tickets de hasta 10 millones<\/b>, la gestora ha aumentado su apuesta y ha firmado un <i>managed account<\/i> con un fondo paneuropeo cuya identidad no ha sido desvelada y le llevar\u00e1 a poder realizar <i>buyouts <\/i>de hasta 35 millones de euros.<\/h5><p>Fuente:https:\/\/www.eleconomista.es\/capital-riesgo\/noticias\/13426387\/06\/25\/alter-capital-toma-el-control-de-los-gimnasios-wefit-gyms.html<\/p>\t\t\t\t\t\t\t\t<\/div>\n\t\t\t\t<\/div>\n\t\t\t\t\t<\/div>\n\t\t\t\t<\/div>\n\t\t\t\t<\/div>","protected":false},"excerpt":{"rendered":"<p>Alter Capital Desarrollo, firma de private equity nacional, ha subido su apuesta por Wifit Gyms y ha aumentado su participaci\u00f3n accionarial en la compa\u00f1\u00eda hasta tener la mayor\u00eda del capital (55% aproximadamente). La gestora que tiene como a uno de sus inversores a Corporaci\u00f3n Financiera Azuaga ha realizado una nueva ampliaci\u00f3n despu\u00e9s de tomar una [&hellip;]<\/p>","protected":false},"author":1,"featured_media":0,"parent":0,"menu_order":0,"comment_status":"closed","ping_status":"closed","template":"","meta":{"site-sidebar-layout":"no-sidebar","site-content-layout":"page-builder","ast-site-content-layout":"full-width-container","site-content-style":"default","site-sidebar-style":"default","ast-global-header-display":"","ast-banner-title-visibility":"","ast-main-header-display":"","ast-hfb-above-header-display":"","ast-hfb-below-header-display":"","ast-hfb-mobile-header-display":"","site-post-title":"disabled","ast-breadcrumbs-content":"","ast-featured-img":"disabled","footer-sml-layout":"","theme-transparent-header-meta":"","adv-header-id-meta":"","stick-header-meta":"","header-above-stick-meta":"","header-main-stick-meta":"","header-below-stick-meta":"","astra-migrate-meta-layouts":"default","ast-page-background-enabled":"default","ast-page-background-meta":{"desktop":{"background-color":"var(--ast-global-color-4)","background-image":"","background-repeat":"repeat","background-position":"center center","background-size":"auto","background-attachment":"scroll","background-type":"","background-media":"","overlay-type":"","overlay-color":"","overlay-opacity":"","overlay-gradient":""},"tablet":{"background-color":"","background-image":"","background-repeat":"repeat","background-position":"center center","background-size":"auto","background-attachment":"scroll","background-type":"","background-media":"","overlay-type":"","overlay-color":"","overlay-opacity":"","overlay-gradient":""},"mobile":{"background-color":"","background-image":"","background-repeat":"repeat","background-position":"center center","background-size":"auto","background-attachment":"scroll","background-type":"","background-media":"","overlay-type":"","overlay-color":"","overlay-opacity":"","overlay-gradient":""}},"ast-content-background-meta":{"desktop":{"background-color":"var(--ast-global-color-5)","background-image":"","background-repeat":"repeat","background-position":"center center","background-size":"auto","background-attachment":"scroll","background-type":"","background-media":"","overlay-type":"","overlay-color":"","overlay-opacity":"","overlay-gradient":""},"tablet":{"background-color":"var(--ast-global-color-5)","background-image":"","background-repeat":"repeat","background-position":"center center","background-size":"auto","background-attachment":"scroll","background-type":"","background-media":"","overlay-type":"","overlay-color":"","overlay-opacity":"","overlay-gradient":""},"mobile":{"background-color":"var(--ast-global-color-5)","background-image":"","background-repeat":"repeat","background-position":"center center","background-size":"auto","background-attachment":"scroll","background-type":"","background-media":"","overlay-type":"","overlay-color":"","overlay-opacity":"","overlay-gradient":""}},"footnotes":""},"class_list":["post-3405","page","type-page","status-publish","hentry"],"_links":{"self":[{"href":"https:\/\/www.altercapital.es\/en\/wp-json\/wp\/v2\/pages\/3405","targetHints":{"allow":["GET"]}}],"collection":[{"href":"https:\/\/www.altercapital.es\/en\/wp-json\/wp\/v2\/pages"}],"about":[{"href":"https:\/\/www.altercapital.es\/en\/wp-json\/wp\/v2\/types\/page"}],"author":[{"embeddable":true,"href":"https:\/\/www.altercapital.es\/en\/wp-json\/wp\/v2\/users\/1"}],"replies":[{"embeddable":true,"href":"https:\/\/www.altercapital.es\/en\/wp-json\/wp\/v2\/comments?post=3405"}],"version-history":[{"count":6,"href":"https:\/\/www.altercapital.es\/en\/wp-json\/wp\/v2\/pages\/3405\/revisions"}],"predecessor-version":[{"id":3524,"href":"https:\/\/www.altercapital.es\/en\/wp-json\/wp\/v2\/pages\/3405\/revisions\/3524"}],"wp:attachment":[{"href":"https:\/\/www.altercapital.es\/en\/wp-json\/wp\/v2\/media?parent=3405"}],"curies":[{"name":"wp","href":"https:\/\/api.w.org\/{rel}","templated":true}]}}