{"id":3499,"date":"2025-11-28T16:36:30","date_gmt":"2025-11-28T16:36:30","guid":{"rendered":"https:\/\/www.altercapital.es\/?page_id=3499"},"modified":"2025-11-28T16:41:14","modified_gmt":"2025-11-28T16:41:14","slug":"elementor-3499","status":"publish","type":"page","link":"https:\/\/www.altercapital.es\/en\/elementor-3499\/","title":{"rendered":"Alter toma el control"},"content":{"rendered":"<div data-elementor-type=\"wp-page\" data-elementor-id=\"3499\" class=\"elementor elementor-3499\">\n\t\t\t\t<div class=\"elementor-element elementor-element-5cf37014 e-flex e-con-boxed e-con e-parent\" data-id=\"5cf37014\" data-element_type=\"container\" data-settings=\"{&quot;background_background&quot;:&quot;classic&quot;}\">\n\t\t\t\t\t<div class=\"e-con-inner\">\n\t\t\t\t<div class=\"elementor-element elementor-element-74d9ffda elementor-widget elementor-widget-image\" data-id=\"74d9ffda\" data-element_type=\"widget\" data-widget_type=\"image.default\">\n\t\t\t\t<div class=\"elementor-widget-container\">\n\t\t\t\t\t\t\t\t\t\t\t\t\t\t\t<img fetchpriority=\"high\" decoding=\"async\" width=\"900\" height=\"600\" src=\"https:\/\/www.altercapital.es\/wp-content\/uploads\/2025\/11\/wifit-gyms-retiro-15.jpg\" class=\"attachment-large size-large wp-image-3501\" alt=\"\" srcset=\"https:\/\/www.altercapital.es\/wp-content\/uploads\/2025\/11\/wifit-gyms-retiro-15.jpg 900w, https:\/\/www.altercapital.es\/wp-content\/uploads\/2025\/11\/wifit-gyms-retiro-15-300x200.jpg 300w, https:\/\/www.altercapital.es\/wp-content\/uploads\/2025\/11\/wifit-gyms-retiro-15-768x512.jpg 768w, https:\/\/www.altercapital.es\/wp-content\/uploads\/2025\/11\/wifit-gyms-retiro-15-18x12.jpg 18w\" sizes=\"(max-width: 900px) 100vw, 900px\" \/>\t\t\t\t\t\t\t\t\t\t\t\t\t\t\t<\/div>\n\t\t\t\t<\/div>\n\t\t\t\t\t<\/div>\n\t\t\t\t<\/div>\n\t\t<div class=\"elementor-element elementor-element-1d9017e e-flex e-con-boxed e-con e-parent\" data-id=\"1d9017e\" data-element_type=\"container\" data-settings=\"{&quot;background_background&quot;:&quot;classic&quot;}\">\n\t\t\t\t\t<div class=\"e-con-inner\">\n\t\t\t\t<div class=\"elementor-element elementor-element-31851216 elementor-widget elementor-widget-heading\" data-id=\"31851216\" data-element_type=\"widget\" data-widget_type=\"heading.default\">\n\t\t\t\t<div class=\"elementor-widget-container\">\n\t\t\t\t\t<h2 class=\"elementor-heading-title elementor-size-default\">\"Alter Capital toma el control de los gimnasios Wifit Gyms\"\n<\/h2>\t\t\t\t<\/div>\n\t\t\t\t<\/div>\n\t\t\t\t\t<\/div>\n\t\t\t\t<\/div>\n\t\t<div class=\"elementor-element elementor-element-5af87e48 e-flex e-con-boxed e-con e-parent\" data-id=\"5af87e48\" data-element_type=\"container\" data-settings=\"{&quot;background_background&quot;:&quot;classic&quot;}\">\n\t\t\t\t\t<div class=\"e-con-inner\">\n\t\t\t\t<div class=\"elementor-element elementor-element-5fe799f9 elementor-widget elementor-widget-heading\" data-id=\"5fe799f9\" data-element_type=\"widget\" data-widget_type=\"heading.default\">\n\t\t\t\t<div class=\"elementor-widget-container\">\n\t\t\t\t\t<h2 class=\"elementor-heading-title elementor-size-default\"><br><strong>Alter Capital Increases Its Stake in Wifit Gyms to 55%<br><\/strong>\nAlter Capital Desarrollo, a national private equity firm, has strengthened its commitment to Wifit Gyms by increasing its shareholding to approximately 55%, thereby taking majority control of the company. The fund manager \u2014whose investors include Corporaci\u00f3n Financiera Azuaga\u2014 has carried out a new capital increase after acquiring a minority stake exactly one year ago. The decision follows the company\u2019s strong performance, which has already reached 9,000 subscribers in its first year, according to \u00c1ngel Gonz\u00e1lez, Partner at the firm, in statements to this newspaper.<br>\n<br>The capital injection aims to further accelerate the rollout of new gym openings across the Iberian Peninsula at a time of intense activity in the fitness sector, where various private equity funds and high-net-worth individuals (Portobello in Sidecu, Formentor Capital in BeOne, Seas Capital in Synergym, or Torreal in GoFit, among others) have taken positions to build national leaders.<br>\n<br><strong>Wifit Gyms Expansion: Five Centres and New Openings Planned Through 2026<br><\/strong>\nWifit Gyms \u2014whose minority shareholders are its founders, Jos\u00e9 Luis Torrecilla and \u00cd\u00f1igo Moreno-Luque\u2014 currently operates five sports centres, all located in Spain, with several in Madrid. Its next opening will take place in the Chamber\u00ed district. Four additional openings are scheduled through 2026.<br>\n<br>The transaction comes amid a surge of investment activity in the fitness sector. In fact, Torrecilla and Moreno-Luque previously sold their first project, iFitness, to the Altafit group, a company then owned by Spain\u2019s MCH Private Equity and now owned by the U.S. megafund Providence, which has begun a consolidation phase in Spain.<br>\n<br><strong>Alter Capital: A Manager with Offices in Seville and Madrid and a Diversified Portfolio<br><\/strong>\nWith operational teams based in Seville and Madrid, Alter Capital holds both minority and majority positions in various companies. Last year, it acquired Trending Corporate, a company that manufactures and markets cosmetic products and nutritional supplements.<br>\n<br>Its portfolio also includes companies such as Dental Company, a dental clinic chain currently up for sale after mandating Arcano; Kampaoh, a camping operator in Spain also backed by JME \u2014the investment arm of Jos\u00e9 Manuel Entrecanales for startups\u2014; Dawn Energy, an operator of photovoltaic assets for industry; and Wuolah, a university platform for sharing study materials.<br>\n<br>Although Alter Capital\u2019s operations traditionally focused on ticket sizes of up to \u20ac10 million, the firm has increased its investment capacity by entering into a managed account agreement with an undisclosed pan-European fund, allowing it to execute buyouts of up to \u20ac35 million.<br>\n<strong><br>Fuente:https:\/\/www.eleconomista.es\/capital-riesgo\/noticias\/13426387\/06\/25\/alter-capital-toma-el-control-de-los-gimnasios-wefit-gyms.html\n<\/h2>\t\t\t\t<\/div>\n\t\t\t\t<\/div>\n\t\t\t\t\t<\/div>\n\t\t\t\t<\/div>\n\t\t\t\t<\/div>","protected":false},"excerpt":{"rendered":"<p>\u00abAlter Capital toma el control de los gimnasios Wifit Gyms\u00bb Alter Capital toma el control de Wifit Gyms y eleva su participaci\u00f3n al 55% Alter Capital Desarrollo, firma de private equity nacional, ha subido su apuesta por Wifit Gyms y ha aumentado su participaci\u00f3n accionarial en la compa\u00f1\u00eda hasta tener la mayor\u00eda del capital (55% [&hellip;]<\/p>","protected":false},"author":1,"featured_media":0,"parent":0,"menu_order":0,"comment_status":"closed","ping_status":"closed","template":"","meta":{"site-sidebar-layout":"no-sidebar","site-content-layout":"page-builder","ast-site-content-layout":"full-width-container","site-content-style":"default","site-sidebar-style":"default","ast-global-header-display":"","ast-banner-title-visibility":"","ast-main-header-display":"","ast-hfb-above-header-display":"","ast-hfb-below-header-display":"","ast-hfb-mobile-header-display":"","site-post-title":"disabled","ast-breadcrumbs-content":"","ast-featured-img":"disabled","footer-sml-layout":"","theme-transparent-header-meta":"","adv-header-id-meta":"","stick-header-meta":"","header-above-stick-meta":"","header-main-stick-meta":"","header-below-stick-meta":"","astra-migrate-meta-layouts":"set","ast-page-background-enabled":"default","ast-page-background-meta":{"desktop":{"background-color":"var(--ast-global-color-4)","background-image":"","background-repeat":"repeat","background-position":"center center","background-size":"auto","background-attachment":"scroll","background-type":"","background-media":"","overlay-type":"","overlay-color":"","overlay-opacity":"","overlay-gradient":""},"tablet":{"background-color":"","background-image":"","background-repeat":"repeat","background-position":"center center","background-size":"auto","background-attachment":"scroll","background-type":"","background-media":"","overlay-type":"","overlay-color":"","overlay-opacity":"","overlay-gradient":""},"mobile":{"background-color":"","background-image":"","background-repeat":"repeat","background-position":"center center","background-size":"auto","background-attachment":"scroll","background-type":"","background-media":"","overlay-type":"","overlay-color":"","overlay-opacity":"","overlay-gradient":""}},"ast-content-background-meta":{"desktop":{"background-color":"var(--ast-global-color-5)","background-image":"","background-repeat":"repeat","background-position":"center center","background-size":"auto","background-attachment":"scroll","background-type":"","background-media":"","overlay-type":"","overlay-color":"","overlay-opacity":"","overlay-gradient":""},"tablet":{"background-color":"var(--ast-global-color-5)","background-image":"","background-repeat":"repeat","background-position":"center center","background-size":"auto","background-attachment":"scroll","background-type":"","background-media":"","overlay-type":"","overlay-color":"","overlay-opacity":"","overlay-gradient":""},"mobile":{"background-color":"var(--ast-global-color-5)","background-image":"","background-repeat":"repeat","background-position":"center center","background-size":"auto","background-attachment":"scroll","background-type":"","background-media":"","overlay-type":"","overlay-color":"","overlay-opacity":"","overlay-gradient":""}},"footnotes":""},"class_list":["post-3499","page","type-page","status-publish","hentry"],"_links":{"self":[{"href":"https:\/\/www.altercapital.es\/en\/wp-json\/wp\/v2\/pages\/3499","targetHints":{"allow":["GET"]}}],"collection":[{"href":"https:\/\/www.altercapital.es\/en\/wp-json\/wp\/v2\/pages"}],"about":[{"href":"https:\/\/www.altercapital.es\/en\/wp-json\/wp\/v2\/types\/page"}],"author":[{"embeddable":true,"href":"https:\/\/www.altercapital.es\/en\/wp-json\/wp\/v2\/users\/1"}],"replies":[{"embeddable":true,"href":"https:\/\/www.altercapital.es\/en\/wp-json\/wp\/v2\/comments?post=3499"}],"version-history":[{"count":5,"href":"https:\/\/www.altercapital.es\/en\/wp-json\/wp\/v2\/pages\/3499\/revisions"}],"predecessor-version":[{"id":3505,"href":"https:\/\/www.altercapital.es\/en\/wp-json\/wp\/v2\/pages\/3499\/revisions\/3505"}],"wp:attachment":[{"href":"https:\/\/www.altercapital.es\/en\/wp-json\/wp\/v2\/media?parent=3499"}],"curies":[{"name":"wp","href":"https:\/\/api.w.org\/{rel}","templated":true}]}}