{"id":3506,"date":"2025-11-28T16:43:58","date_gmt":"2025-11-28T16:43:58","guid":{"rendered":"https:\/\/www.altercapital.es\/?page_id=3506"},"modified":"2025-11-28T17:15:54","modified_gmt":"2025-11-28T17:15:54","slug":"elementor-3506","status":"publish","type":"page","link":"https:\/\/www.altercapital.es\/en\/elementor-3506\/","title":{"rendered":"Angel Gonzalez"},"content":{"rendered":"<div data-elementor-type=\"wp-page\" data-elementor-id=\"3506\" class=\"elementor elementor-3506\">\n\t\t\t\t<div class=\"elementor-element elementor-element-152218c e-flex e-con-boxed e-con e-parent\" data-id=\"152218c\" data-element_type=\"container\" data-settings=\"{&quot;background_background&quot;:&quot;classic&quot;}\">\n\t\t\t\t\t<div class=\"e-con-inner\">\n\t\t\t\t<div class=\"elementor-element elementor-element-5a09ea72 elementor-widget elementor-widget-image\" data-id=\"5a09ea72\" data-element_type=\"widget\" data-widget_type=\"image.default\">\n\t\t\t\t<div class=\"elementor-widget-container\">\n\t\t\t\t\t\t\t\t\t\t\t\t\t\t\t<img fetchpriority=\"high\" decoding=\"async\" width=\"1024\" height=\"576\" src=\"https:\/\/www.altercapital.es\/wp-content\/uploads\/2025\/11\/1003743956505_259197421_1706x960.jpg-1024x576.webp\" class=\"attachment-large size-large wp-image-3517\" alt=\"\" srcset=\"https:\/\/www.altercapital.es\/wp-content\/uploads\/2025\/11\/1003743956505_259197421_1706x960.jpg-1024x576.webp 1024w, https:\/\/www.altercapital.es\/wp-content\/uploads\/2025\/11\/1003743956505_259197421_1706x960.jpg-300x169.webp 300w, https:\/\/www.altercapital.es\/wp-content\/uploads\/2025\/11\/1003743956505_259197421_1706x960.jpg-768x432.webp 768w, https:\/\/www.altercapital.es\/wp-content\/uploads\/2025\/11\/1003743956505_259197421_1706x960.jpg-1536x864.webp 1536w, https:\/\/www.altercapital.es\/wp-content\/uploads\/2025\/11\/1003743956505_259197421_1706x960.jpg-18x10.webp 18w, https:\/\/www.altercapital.es\/wp-content\/uploads\/2025\/11\/1003743956505_259197421_1706x960.jpg.webp 1706w\" sizes=\"(max-width: 1024px) 100vw, 1024px\" \/>\t\t\t\t\t\t\t\t\t\t\t\t\t\t\t<\/div>\n\t\t\t\t<\/div>\n\t\t\t\t\t<\/div>\n\t\t\t\t<\/div>\n\t\t<div class=\"elementor-element elementor-element-64e5a71 e-flex e-con-boxed e-con e-parent\" data-id=\"64e5a71\" data-element_type=\"container\" data-settings=\"{&quot;background_background&quot;:&quot;classic&quot;}\">\n\t\t\t\t\t<div class=\"e-con-inner\">\n\t\t\t\t<div class=\"elementor-element elementor-element-74232ef2 elementor-widget elementor-widget-heading\" data-id=\"74232ef2\" data-element_type=\"widget\" data-widget_type=\"heading.default\">\n\t\t\t\t<div class=\"elementor-widget-container\">\n\t\t\t\t\t<h2 class=\"elementor-heading-title elementor-size-default\">\u00c1ngel Gonz\u00e1lez: \u201cIn Andalusia there is no more M&amp;A simply because there are no more vehicles\u201d\n<\/h2>\t\t\t\t<\/div>\n\t\t\t\t<\/div>\n\t\t\t\t\t<\/div>\n\t\t\t\t<\/div>\n\t\t<div class=\"elementor-element elementor-element-76d6641 e-flex e-con-boxed e-con e-parent\" data-id=\"76d6641\" data-element_type=\"container\" data-settings=\"{&quot;background_background&quot;:&quot;classic&quot;}\">\n\t\t\t\t\t<div class=\"e-con-inner\">\n\t\t\t\t<div class=\"elementor-element elementor-element-3440c642 elementor-widget elementor-widget-heading\" data-id=\"3440c642\" data-element_type=\"widget\" data-widget_type=\"heading.default\">\n\t\t\t\t<div class=\"elementor-widget-container\">\n\t\t\t\t\t<h2 class=\"elementor-heading-title elementor-size-default\"><br><strong>Growth of the M&amp;A Market in Andalusia<br> <\/strong>\n\u00c1ngel Gonz\u00e1lez Bravo, Managing Partner of Alter Capital, highlights that Andalusia is experiencing a pivotal moment for the growth of its M&amp;A market, but notes that its development is constrained by the limited availability of investment vehicles. Although the region is among those with the highest number of active companies and boasts highly attractive sectors \u2014such as agri-food, leisure, energy, and defense\u2014 the volume of transactions remains modest compared to its potential.<br>\n<br><strong>Strong Presence in the South <\/strong><br>\nAlter Capital, a management firm rooted in Andalusia and also present in Madrid, maintains a firm commitment to the region: eleven of its fourteen portfolio companies are Andalusian, including businesses such as Kampaoh, Wuolah, Dawn Energy, Global Coffee Industries, and Dental Company. \u00c1ngel Gonz\u00e1lez, Managing Partner of Alter Capital, emphasizes that the ecosystem could multiply its activity if the creation of new regional funds were accelerated, particularly those driven by Trade as an anchor investor. The recent designation of the agency as the financial agent of the Andalusian Public Fund opens the door to new public\u2013private vehicles that management firms such as Alter Capital could manage with their own capital contributions.<br>\n<br>In addition, our Managing Partner underscores the urgency for these funds to be activated swiftly and on a recurring basis, recalling that the dynamism observed since 2022 was due precisely to three FEDER-backed funds launched in 2021, through which Alter Capital was able to invest 12 million euros in the region. With those funds now fully invested, the firm is awaiting new calls to meet the high demand: \u201cWe close two deals a year, but I see a hundred potential ones.\u201d<br>\n<br>he firm considers the region a still-underexploited strategic opportunity and anticipates that 2026 \u2014with the arrival of a new regional fund\u2014 could mark a turning point in transaction volume.<br>\n<br><strong>Fuente: https:\/\/www.elespanol.com\/invertia\/mercados\/20251007\/angel-gonzalez-alter-capital-andalucia-no-mampa-vehiculos\/1003743956501_0.html\n<\/h2>\t\t\t\t<\/div>\n\t\t\t\t<\/div>\n\t\t\t\t\t<\/div>\n\t\t\t\t<\/div>\n\t\t\t\t<\/div>","protected":false},"excerpt":{"rendered":"<p>\u00c1ngel Gonz\u00e1lez: \u00abEn Andaluc\u00eda no hay m\u00e1s M&amp;A porque no hay m\u00e1s veh\u00edculos\u00bb Crecimiento del mercado de M&amp;A en Andaluc\u00eda \u00c1ngel Gonz\u00e1lez Bravo, socio director de Alter Capital, destaca que Andaluc\u00eda vive un momento clave para el crecimiento del mercado de M&amp;A, pero se\u00f1ala que su desarrollo est\u00e1 limitado por la falta de veh\u00edculos de [&hellip;]<\/p>","protected":false},"author":1,"featured_media":0,"parent":0,"menu_order":0,"comment_status":"closed","ping_status":"closed","template":"","meta":{"site-sidebar-layout":"no-sidebar","site-content-layout":"page-builder","ast-site-content-layout":"full-width-container","site-content-style":"default","site-sidebar-style":"default","ast-global-header-display":"","ast-banner-title-visibility":"","ast-main-header-display":"","ast-hfb-above-header-display":"","ast-hfb-below-header-display":"","ast-hfb-mobile-header-display":"","site-post-title":"disabled","ast-breadcrumbs-content":"","ast-featured-img":"disabled","footer-sml-layout":"","theme-transparent-header-meta":"","adv-header-id-meta":"","stick-header-meta":"","header-above-stick-meta":"","header-main-stick-meta":"","header-below-stick-meta":"","astra-migrate-meta-layouts":"set","ast-page-background-enabled":"default","ast-page-background-meta":{"desktop":{"background-color":"var(--ast-global-color-4)","background-image":"","background-repeat":"repeat","background-position":"center center","background-size":"auto","background-attachment":"scroll","background-type":"","background-media":"","overlay-type":"","overlay-color":"","overlay-opacity":"","overlay-gradient":""},"tablet":{"background-color":"","background-image":"","background-repeat":"repeat","background-position":"center center","background-size":"auto","background-attachment":"scroll","background-type":"","background-media":"","overlay-type":"","overlay-color":"","overlay-opacity":"","overlay-gradient":""},"mobile":{"background-color":"","background-image":"","background-repeat":"repeat","background-position":"center center","background-size":"auto","background-attachment":"scroll","background-type":"","background-media":"","overlay-type":"","overlay-color":"","overlay-opacity":"","overlay-gradient":""}},"ast-content-background-meta":{"desktop":{"background-color":"var(--ast-global-color-5)","background-image":"","background-repeat":"repeat","background-position":"center center","background-size":"auto","background-attachment":"scroll","background-type":"","background-media":"","overlay-type":"","overlay-color":"","overlay-opacity":"","overlay-gradient":""},"tablet":{"background-color":"var(--ast-global-color-5)","background-image":"","background-repeat":"repeat","background-position":"center center","background-size":"auto","background-attachment":"scroll","background-type":"","background-media":"","overlay-type":"","overlay-color":"","overlay-opacity":"","overlay-gradient":""},"mobile":{"background-color":"var(--ast-global-color-5)","background-image":"","background-repeat":"repeat","background-position":"center center","background-size":"auto","background-attachment":"scroll","background-type":"","background-media":"","overlay-type":"","overlay-color":"","overlay-opacity":"","overlay-gradient":""}},"footnotes":""},"class_list":["post-3506","page","type-page","status-publish","hentry"],"_links":{"self":[{"href":"https:\/\/www.altercapital.es\/en\/wp-json\/wp\/v2\/pages\/3506","targetHints":{"allow":["GET"]}}],"collection":[{"href":"https:\/\/www.altercapital.es\/en\/wp-json\/wp\/v2\/pages"}],"about":[{"href":"https:\/\/www.altercapital.es\/en\/wp-json\/wp\/v2\/types\/page"}],"author":[{"embeddable":true,"href":"https:\/\/www.altercapital.es\/en\/wp-json\/wp\/v2\/users\/1"}],"replies":[{"embeddable":true,"href":"https:\/\/www.altercapital.es\/en\/wp-json\/wp\/v2\/comments?post=3506"}],"version-history":[{"count":8,"href":"https:\/\/www.altercapital.es\/en\/wp-json\/wp\/v2\/pages\/3506\/revisions"}],"predecessor-version":[{"id":3520,"href":"https:\/\/www.altercapital.es\/en\/wp-json\/wp\/v2\/pages\/3506\/revisions\/3520"}],"wp:attachment":[{"href":"https:\/\/www.altercapital.es\/en\/wp-json\/wp\/v2\/media?parent=3506"}],"curies":[{"name":"wp","href":"https:\/\/api.w.org\/{rel}","templated":true}]}}