{"id":3512,"date":"2025-11-28T16:53:14","date_gmt":"2025-11-28T16:53:14","guid":{"rendered":"https:\/\/www.altercapital.es\/?page_id=3512"},"modified":"2025-11-28T16:54:21","modified_gmt":"2025-11-28T16:54:21","slug":"nueva-oficina","status":"publish","type":"page","link":"https:\/\/www.altercapital.es\/en\/nueva-oficina\/","title":{"rendered":"NUEVA OFICINA"},"content":{"rendered":"<div data-elementor-type=\"wp-page\" data-elementor-id=\"3512\" class=\"elementor elementor-3512\">\n\t\t\t\t<div class=\"elementor-element elementor-element-1fc48256 e-flex e-con-boxed e-con e-parent\" data-id=\"1fc48256\" data-element_type=\"container\" data-settings=\"{&quot;background_background&quot;:&quot;classic&quot;}\">\n\t\t\t\t\t<div class=\"e-con-inner\">\n\t\t\t\t<div class=\"elementor-element elementor-element-20b8f667 elementor-widget elementor-widget-image\" data-id=\"20b8f667\" data-element_type=\"widget\" data-widget_type=\"image.default\">\n\t\t\t\t<div class=\"elementor-widget-container\">\n\t\t\t\t\t\t\t\t\t\t\t\t\t\t\t<img fetchpriority=\"high\" decoding=\"async\" width=\"522\" height=\"191\" src=\"https:\/\/www.altercapital.es\/wp-content\/uploads\/2025\/04\/Alter-Capital.png\" class=\"attachment-large size-large wp-image-6\" alt=\"\" srcset=\"https:\/\/www.altercapital.es\/wp-content\/uploads\/2025\/04\/Alter-Capital.png 522w, https:\/\/www.altercapital.es\/wp-content\/uploads\/2025\/04\/Alter-Capital-300x110.png 300w\" sizes=\"(max-width: 522px) 100vw, 522px\" \/>\t\t\t\t\t\t\t\t\t\t\t\t\t\t\t<\/div>\n\t\t\t\t<\/div>\n\t\t\t\t\t<\/div>\n\t\t\t\t<\/div>\n\t\t<div class=\"elementor-element elementor-element-459a6b3e e-flex e-con-boxed e-con e-parent\" data-id=\"459a6b3e\" data-element_type=\"container\" data-settings=\"{&quot;background_background&quot;:&quot;classic&quot;}\">\n\t\t\t\t\t<div class=\"e-con-inner\">\n\t\t\t\t<div class=\"elementor-element elementor-element-6706505d elementor-widget elementor-widget-heading\" data-id=\"6706505d\" data-element_type=\"widget\" data-widget_type=\"heading.default\">\n\t\t\t\t<div class=\"elementor-widget-container\">\n\t\t\t\t\t<h2 class=\"elementor-heading-title elementor-size-default\"> \u201cWe Are Opening a New Office in M\u00e1laga\u201d\n<\/h2>\t\t\t\t<\/div>\n\t\t\t\t<\/div>\n\t\t\t\t\t<\/div>\n\t\t\t\t<\/div>\n\t\t<div class=\"elementor-element elementor-element-59ecf482 e-flex e-con-boxed e-con e-parent\" data-id=\"59ecf482\" data-element_type=\"container\" data-settings=\"{&quot;background_background&quot;:&quot;classic&quot;}\">\n\t\t\t\t\t<div class=\"e-con-inner\">\n\t\t\t\t<div class=\"elementor-element elementor-element-764eadce elementor-widget elementor-widget-heading\" data-id=\"764eadce\" data-element_type=\"widget\" data-widget_type=\"heading.default\">\n\t\t\t\t<div class=\"elementor-widget-container\">\n\t\t\t\t\t<h2 class=\"elementor-heading-title elementor-size-default\"><br>Malaga, September 1, 2025 \u2014 Alter Capital announces the opening of its new office in Malaga, located at Calle Larios n\u00ba 6, 4\u00ba izquierda, 29005. With this addition, the firm strategically strengthens its presence in Andalusia and consolidates its commitment to the business community of southern Spain.<br>\n<br>The new office will enable Alter Capital to be even closer to companies in the region, expand its access to investment opportunities (deal flow), and enhance its ability to support businesses in processes of growth, internationalization, professionalization, and generational succession. This expansion responds to the region\u2019s strong entrepreneurial dynamism and the rising demand for capital solutions for high-potential companies.<br>\n<br>With this move, Alter Capital reinforces its proximity-based and locally focused model\u2014key to identifying investment opportunities early and delivering direct value to management teams. The M\u00e1laga office joins the firm\u2019s existing locations in Seville and Madrid, consolidating an operational axis that increases its reach and activity across southern Spain.<br>\n<br>The new office is operational as of today and can be contacted at: <br>\n<br><strong>+34 854 785 160 \u2013 Ext.: 2503. <br><\/strong>\n<br>Further information about Alter Capital and its activity is available at www.altercapital.es.\n<\/h2>\t\t\t\t<\/div>\n\t\t\t\t<\/div>\n\t\t\t\t\t<\/div>\n\t\t\t\t<\/div>\n\t\t\t\t<\/div>","protected":false},"excerpt":{"rendered":"<p>\u201cAbrimos nueva oficina en M\u00e1laga\u201d M\u00e1laga, 1 de septiembre de 2025 \u2014 Alter Capital anuncia la apertura de su nueva oficina en M\u00e1laga, situada en Calle Larios n\u00ba 6, 4\u00ba izquierda, 29005. Con esta incorporaci\u00f3n, la firma refuerza de manera estrat\u00e9gica su presencia en Andaluc\u00eda y consolida su compromiso con el tejido empresarial del sur [&hellip;]<\/p>","protected":false},"author":1,"featured_media":0,"parent":0,"menu_order":0,"comment_status":"closed","ping_status":"closed","template":"","meta":{"site-sidebar-layout":"no-sidebar","site-content-layout":"page-builder","ast-site-content-layout":"full-width-container","site-content-style":"default","site-sidebar-style":"default","ast-global-header-display":"","ast-banner-title-visibility":"","ast-main-header-display":"","ast-hfb-above-header-display":"","ast-hfb-below-header-display":"","ast-hfb-mobile-header-display":"","site-post-title":"disabled","ast-breadcrumbs-content":"","ast-featured-img":"disabled","footer-sml-layout":"","theme-transparent-header-meta":"","adv-header-id-meta":"","stick-header-meta":"","header-above-stick-meta":"","header-main-stick-meta":"","header-below-stick-meta":"","astra-migrate-meta-layouts":"set","ast-page-background-enabled":"default","ast-page-background-meta":{"desktop":{"background-color":"var(--ast-global-color-4)","background-image":"","background-repeat":"repeat","background-position":"center center","background-size":"auto","background-attachment":"scroll","background-type":"","background-media":"","overlay-type":"","overlay-color":"","overlay-opacity":"","overlay-gradient":""},"tablet":{"background-color":"","background-image":"","background-repeat":"repeat","background-position":"center center","background-size":"auto","background-attachment":"scroll","background-type":"","background-media":"","overlay-type":"","overlay-color":"","overlay-opacity":"","overlay-gradient":""},"mobile":{"background-color":"","background-image":"","background-repeat":"repeat","background-position":"center center","background-size":"auto","background-attachment":"scroll","background-type":"","background-media":"","overlay-type":"","overlay-color":"","overlay-opacity":"","overlay-gradient":""}},"ast-content-background-meta":{"desktop":{"background-color":"var(--ast-global-color-5)","background-image":"","background-repeat":"repeat","background-position":"center center","background-size":"auto","background-attachment":"scroll","background-type":"","background-media":"","overlay-type":"","overlay-color":"","overlay-opacity":"","overlay-gradient":""},"tablet":{"background-color":"var(--ast-global-color-5)","background-image":"","background-repeat":"repeat","background-position":"center center","background-size":"auto","background-attachment":"scroll","background-type":"","background-media":"","overlay-type":"","overlay-color":"","overlay-opacity":"","overlay-gradient":""},"mobile":{"background-color":"var(--ast-global-color-5)","background-image":"","background-repeat":"repeat","background-position":"center center","background-size":"auto","background-attachment":"scroll","background-type":"","background-media":"","overlay-type":"","overlay-color":"","overlay-opacity":"","overlay-gradient":""}},"footnotes":""},"class_list":["post-3512","page","type-page","status-publish","hentry"],"_links":{"self":[{"href":"https:\/\/www.altercapital.es\/en\/wp-json\/wp\/v2\/pages\/3512","targetHints":{"allow":["GET"]}}],"collection":[{"href":"https:\/\/www.altercapital.es\/en\/wp-json\/wp\/v2\/pages"}],"about":[{"href":"https:\/\/www.altercapital.es\/en\/wp-json\/wp\/v2\/types\/page"}],"author":[{"embeddable":true,"href":"https:\/\/www.altercapital.es\/en\/wp-json\/wp\/v2\/users\/1"}],"replies":[{"embeddable":true,"href":"https:\/\/www.altercapital.es\/en\/wp-json\/wp\/v2\/comments?post=3512"}],"version-history":[{"count":4,"href":"https:\/\/www.altercapital.es\/en\/wp-json\/wp\/v2\/pages\/3512\/revisions"}],"predecessor-version":[{"id":3516,"href":"https:\/\/www.altercapital.es\/en\/wp-json\/wp\/v2\/pages\/3512\/revisions\/3516"}],"wp:attachment":[{"href":"https:\/\/www.altercapital.es\/en\/wp-json\/wp\/v2\/media?parent=3512"}],"curies":[{"name":"wp","href":"https:\/\/api.w.org\/{rel}","templated":true}]}}